{"id":1862,"date":"2023-10-19T19:00:52","date_gmt":"2023-10-19T17:00:52","guid":{"rendered":"https:\/\/djecji-vrtic-carobno-ogledalce.hr\/?page_id=1862"},"modified":"2026-03-19T13:43:35","modified_gmt":"2026-03-19T12:43:35","slug":"dokumenti","status":"publish","type":"page","link":"https:\/\/djecji-vrtic-carobno-ogledalce.hr\/?page_id=1862","title":{"rendered":"Dokumenti"},"content":{"rendered":"\t\t<div data-elementor-type=\"wp-page\" data-elementor-id=\"1862\" class=\"elementor elementor-1862\">\n\t\t\t\t\t\t\t\t\t<section class=\"elementor-section elementor-top-section elementor-element elementor-element-07b1956 elementor-section-boxed elementor-section-height-default elementor-section-height-default\" data-id=\"07b1956\" data-element_type=\"section\">\n\t\t\t\t\t\t<div class=\"elementor-container elementor-column-gap-default\">\n\t\t\t\t\t<div class=\"elementor-column elementor-col-100 elementor-top-column elementor-element elementor-element-af86ba1\" data-id=\"af86ba1\" data-element_type=\"column\">\n\t\t\t<div class=\"elementor-widget-wrap elementor-element-populated\">\n\t\t\t\t\t\t\t\t<div class=\"elementor-element elementor-element-b8d8222 elementor-widget elementor-widget-text-editor\" data-id=\"b8d8222\" data-element_type=\"widget\" data-widget_type=\"text-editor.default\">\n\t\t\t\t<div class=\"elementor-widget-container\">\n\t\t\t<style>\/*! elementor - v3.6.1 - 23-03-2022 *\/\n.elementor-widget-text-editor.elementor-drop-cap-view-stacked .elementor-drop-cap{background-color:#818a91;color:#fff}.elementor-widget-text-editor.elementor-drop-cap-view-framed .elementor-drop-cap{color:#818a91;border:3px solid;background-color:transparent}.elementor-widget-text-editor:not(.elementor-drop-cap-view-default) .elementor-drop-cap{margin-top:8px}.elementor-widget-text-editor:not(.elementor-drop-cap-view-default) .elementor-drop-cap-letter{width:1em;height:1em}.elementor-widget-text-editor .elementor-drop-cap{float:left;text-align:center;line-height:1;font-size:50px}.elementor-widget-text-editor .elementor-drop-cap-letter{display:inline-block}<\/style>\t\t\t\t<p><a href=\"http:\/\/djecji-vrtic-carobno-ogledalce.hr\/wp-content\/uploads\/2023\/10\/izvjesce-2022-2023.pdf\">Godi\u0161nje izvje\u0161\u0107e<\/a><\/p><p><a href=\"http:\/\/djecji-vrtic-carobno-ogledalce.hr\/wp-content\/uploads\/2023\/10\/Kurikulum-djecjeg-vrtica-Carobno-ogledalce.pdf\">Kurikulum<\/a><\/p><p><a href=\"http:\/\/djecji-vrtic-carobno-ogledalce.hr\/wp-content\/uploads\/2023\/10\/GO-2023_231019_190410.pdf\">Godi\u0161nji plan i program<\/a><\/p><p><a href=\"http:\/\/djecji-vrtic-carobno-ogledalce.hr\/wp-content\/uploads\/2023\/10\/STATUT-DV-CAROBNO-OGLEDALCE-I.pdf\">Statut<\/a><\/p><p><a href=\"http:\/\/djecji-vrtic-carobno-ogledalce.hr\/wp-content\/uploads\/2024\/10\/Financijsko-izvjesce-2022.pdf\">Financijsko izvje\u0161\u0107e 2022.<\/a><\/p><p><a href=\"http:\/\/djecji-vrtic-carobno-ogledalce.hr\/wp-content\/uploads\/2024\/10\/Financijsko-izvjesce-za-2023.pdf\">Financijsko izvje\u0161\u0107e za 2023.<\/a><\/p><p><a href=\"http:\/\/djecji-vrtic-carobno-ogledalce.hr\/wp-content\/uploads\/2024\/10\/Godisnje-izvjesce-2023-2024.pdf\">Godi\u0161nje izvje\u0161\u0107e 2023-2024<\/a><\/p><p><a href=\"http:\/\/djecji-vrtic-carobno-ogledalce.hr\/wp-content\/uploads\/2024\/10\/Godisnji-plan-i-program-2024.pdf\">Godi\u0161nji plan i program 2024<\/a><\/p><p><a href=\"http:\/\/djecji-vrtic-carobno-ogledalce.hr\/wp-content\/uploads\/2025\/01\/Kriteriji_za_odredivanje_visine_naknade.pdf\">Kriteriji za odre\u0111ivanje visine naknade<\/a><\/p><p><a href=\"http:\/\/djecji-vrtic-carobno-ogledalce.hr\/wp-content\/uploads\/2025\/01\/Obrazac_Zahtjev_za_ponovnu_uporabu_informacije.pdf\">Obrazac_Zahtjev za ponovnu uporabu informacije<\/a><\/p><p><a href=\"http:\/\/djecji-vrtic-carobno-ogledalce.hr\/wp-content\/uploads\/2025\/01\/Obrazac-2-Zahtjev-za-pristup-informacijama.pdf\">Obrazac 2_Zahtjev za pristup informacijama<\/a><\/p><p><a href=\"http:\/\/djecji-vrtic-carobno-ogledalce.hr\/wp-content\/uploads\/2025\/01\/Obrazac-3-Zahtjev-za-dopunu-ili-ispravak-informacije.pdf\">Obrazac 3_Zahtjev za dopunu ili ispravak informacije<\/a><\/p>\t\t\t\t\t\t<\/div>\n\t\t\t\t<\/div>\n\t\t\t\t\t<\/div>\n\t\t<\/div>\n\t\t\t\t\t\t\t<\/div>\n\t\t<\/section>\n\t\t\t\t\t\t\t<\/div>\n\t\t","protected":false},"excerpt":{"rendered":"<p>Godi\u0161nje izvje\u0161\u0107e Kurikulum Godi\u0161nji plan i program Statut Financijsko izvje\u0161\u0107e 2022. Financijsko izvje\u0161\u0107e za 2023. Godi\u0161nje izvje\u0161\u0107e 2023-2024 Godi\u0161nji plan i program 2024 Kriteriji za odre\u0111ivanje visine naknade Obrazac_Zahtjev za ponovnu uporabu informacije Obrazac 2_Zahtjev za pristup informacijama Obrazac 3_Zahtjev za dopunu ili ispravak informacije<\/p>\n","protected":false},"author":1,"featured_media":0,"parent":0,"menu_order":0,"comment_status":"closed","ping_status":"closed","template":"","meta":{"site-sidebar-layout":"no-sidebar","site-content-layout":"page-builder","ast-global-header-display":"","ast-main-header-display":"","ast-hfb-above-header-display":"","ast-hfb-below-header-display":"","ast-hfb-mobile-header-display":"","site-post-title":"disabled","ast-breadcrumbs-content":"","ast-featured-img":"disabled","footer-sml-layout":"","theme-transparent-header-meta":"","adv-header-id-meta":"","stick-header-meta":"","header-above-stick-meta":"","header-main-stick-meta":"","header-below-stick-meta":"","footnotes":""},"class_list":["post-1862","page","type-page","status-publish","hentry"],"_links":{"self":[{"href":"https:\/\/djecji-vrtic-carobno-ogledalce.hr\/index.php?rest_route=\/wp\/v2\/pages\/1862","targetHints":{"allow":["GET"]}}],"collection":[{"href":"https:\/\/djecji-vrtic-carobno-ogledalce.hr\/index.php?rest_route=\/wp\/v2\/pages"}],"about":[{"href":"https:\/\/djecji-vrtic-carobno-ogledalce.hr\/index.php?rest_route=\/wp\/v2\/types\/page"}],"author":[{"embeddable":true,"href":"https:\/\/djecji-vrtic-carobno-ogledalce.hr\/index.php?rest_route=\/wp\/v2\/users\/1"}],"replies":[{"embeddable":true,"href":"https:\/\/djecji-vrtic-carobno-ogledalce.hr\/index.php?rest_route=%2Fwp%2Fv2%2Fcomments&post=1862"}],"version-history":[{"count":34,"href":"https:\/\/djecji-vrtic-carobno-ogledalce.hr\/index.php?rest_route=\/wp\/v2\/pages\/1862\/revisions"}],"predecessor-version":[{"id":2106,"href":"https:\/\/djecji-vrtic-carobno-ogledalce.hr\/index.php?rest_route=\/wp\/v2\/pages\/1862\/revisions\/2106"}],"wp:attachment":[{"href":"https:\/\/djecji-vrtic-carobno-ogledalce.hr\/index.php?rest_route=%2Fwp%2Fv2%2Fmedia&parent=1862"}],"curies":[{"name":"wp","href":"https:\/\/api.w.org\/{rel}","templated":true}]}}